{"id":564,"date":"2024-01-05T16:03:38","date_gmt":"2024-01-05T14:03:38","guid":{"rendered":"https:\/\/www.taivaansusi.net\/ego\/?page_id=564"},"modified":"2025-07-23T14:31:03","modified_gmt":"2025-07-23T12:31:03","slug":"curriculum-vitae","status":"publish","type":"page","link":"http:\/\/www.taivaansusi.net\/ego\/?page_id=564","title":{"rendered":"Curriculum vitae"},"content":{"rendered":"\n<div class=\"wp-block-columns is-layout-flex wp-container-core-columns-layout-1 wp-block-columns-is-layout-flex\">\n<div class=\"wp-block-column is-layout-flow wp-block-column-is-layout-flow\">\n<figure class=\"wp-block-image size-full\"><img loading=\"lazy\" decoding=\"async\" width=\"400\" height=\"400\" src=\"http:\/\/www.taivaansusi.net\/ego\/wp-content\/uploads\/2024\/01\/cv-kuva1.png\" alt=\"\" class=\"wp-image-566\" srcset=\"http:\/\/www.taivaansusi.net\/ego\/wp-content\/uploads\/2024\/01\/cv-kuva1.png 400w, http:\/\/www.taivaansusi.net\/ego\/wp-content\/uploads\/2024\/01\/cv-kuva1-300x300.png 300w, http:\/\/www.taivaansusi.net\/ego\/wp-content\/uploads\/2024\/01\/cv-kuva1-150x150.png 150w, http:\/\/www.taivaansusi.net\/ego\/wp-content\/uploads\/2024\/01\/cv-kuva1-75x75.png 75w\" sizes=\"(max-width: 400px) 100vw, 400px\" \/><\/figure>\n<\/div>\n\n\n\n<div class=\"wp-block-column is-layout-flow wp-block-column-is-layout-flow\"><div class=\"wp-block-image\">\n<figure class=\"aligncenter size-full\"><img loading=\"lazy\" decoding=\"async\" width=\"213\" height=\"233\" src=\"http:\/\/www.taivaansusi.net\/ego\/wp-content\/uploads\/2024\/01\/sr-m2.png\" alt=\"\" class=\"wp-image-572\"\/><\/figure><\/div><\/div>\n\n\n\n<div class=\"wp-block-column is-layout-flow wp-block-column-is-layout-flow\">\n<figure class=\"wp-block-image size-full\"><img loading=\"lazy\" decoding=\"async\" width=\"400\" height=\"400\" src=\"https:\/\/www.taivaansusi.net\/ego\/wp-content\/uploads\/2024\/01\/cv-kuva3.png\" alt=\"\" class=\"wp-image-567\" srcset=\"http:\/\/www.taivaansusi.net\/ego\/wp-content\/uploads\/2024\/01\/cv-kuva3.png 400w, http:\/\/www.taivaansusi.net\/ego\/wp-content\/uploads\/2024\/01\/cv-kuva3-300x300.png 300w, http:\/\/www.taivaansusi.net\/ego\/wp-content\/uploads\/2024\/01\/cv-kuva3-150x150.png 150w, http:\/\/www.taivaansusi.net\/ego\/wp-content\/uploads\/2024\/01\/cv-kuva3-75x75.png 75w\" sizes=\"(max-width: 400px) 100vw, 400px\" \/><\/figure>\n<\/div>\n<\/div>\n\n\n\n<p class=\"has-black-color has-text-color has-link-color wp-elements-bf8bb9b5b2d4b22f22764bc60d01c11c\" style=\"font-size:20px\"><strong>Sampsa Rydman<\/strong>&nbsp;(synt. 1978) on oppikirjakuvittaja, kartografi ja kirjailija. Historiallisten karttojen spesialistina tarjoan asiantuntemustani mm. Suomen museoille ja kirjankustantajille. Olen opiskellut visuaalisten alojen lis\u00e4ksi klassillista arkeologiaa, uskontotiedett\u00e4, folkloristiikkaa, meriarkeologiaa, poliittista historiaa ja antiikin Rooman kirjallisuutta. N\u00e4ytteit\u00e4 kartoistani alla.<\/p>\n\n\n\n<div class=\"wp-block-columns is-layout-flex wp-container-core-columns-layout-2 wp-block-columns-is-layout-flex\">\n<div class=\"wp-block-column is-layout-flow wp-block-column-is-layout-flow\">\n<h3 class=\"wp-block-heading\">Maantiedett\u00e4<\/h3>\n\n\n\n<figure class=\"wp-block-image size-full\"><a href=\"https:\/\/www.taivaansusi.net\/ego\/wp-content\/uploads\/2024\/01\/kartta-1.jpg\"><img loading=\"lazy\" decoding=\"async\" width=\"800\" height=\"583\" src=\"https:\/\/www.taivaansusi.net\/ego\/wp-content\/uploads\/2024\/01\/kartta-1.jpg\" alt=\"\" class=\"wp-image-583\" srcset=\"http:\/\/www.taivaansusi.net\/ego\/wp-content\/uploads\/2024\/01\/kartta-1.jpg 800w, http:\/\/www.taivaansusi.net\/ego\/wp-content\/uploads\/2024\/01\/kartta-1-300x219.jpg 300w, http:\/\/www.taivaansusi.net\/ego\/wp-content\/uploads\/2024\/01\/kartta-1-768x560.jpg 768w\" sizes=\"(max-width: 800px) 100vw, 800px\" \/><\/a><\/figure>\n\n\n\n<figure class=\"wp-block-image size-full\"><a href=\"https:\/\/www.taivaansusi.net\/ego\/wp-content\/uploads\/2024\/01\/kartta-1b.jpg\"><img loading=\"lazy\" decoding=\"async\" width=\"800\" height=\"583\" src=\"https:\/\/www.taivaansusi.net\/ego\/wp-content\/uploads\/2024\/01\/kartta-1b.jpg\" alt=\"\" class=\"wp-image-587\" srcset=\"http:\/\/www.taivaansusi.net\/ego\/wp-content\/uploads\/2024\/01\/kartta-1b.jpg 800w, http:\/\/www.taivaansusi.net\/ego\/wp-content\/uploads\/2024\/01\/kartta-1b-300x219.jpg 300w, http:\/\/www.taivaansusi.net\/ego\/wp-content\/uploads\/2024\/01\/kartta-1b-768x560.jpg 768w\" sizes=\"(max-width: 800px) 100vw, 800px\" \/><\/a><\/figure>\n<\/div>\n\n\n\n<div class=\"wp-block-column is-layout-flow wp-block-column-is-layout-flow\">\n<h3 class=\"wp-block-heading\">Historiaa<\/h3>\n\n\n\n<figure class=\"wp-block-image size-full\"><a href=\"https:\/\/www.taivaansusi.net\/maps\/roman-empire-linguistic-map.png\"><img loading=\"lazy\" decoding=\"async\" width=\"800\" height=\"583\" src=\"https:\/\/www.taivaansusi.net\/ego\/wp-content\/uploads\/2024\/01\/kartta-2c.jpg\" alt=\"\" class=\"wp-image-592\" srcset=\"http:\/\/www.taivaansusi.net\/ego\/wp-content\/uploads\/2024\/01\/kartta-2c.jpg 800w, http:\/\/www.taivaansusi.net\/ego\/wp-content\/uploads\/2024\/01\/kartta-2c-300x219.jpg 300w, http:\/\/www.taivaansusi.net\/ego\/wp-content\/uploads\/2024\/01\/kartta-2c-768x560.jpg 768w\" sizes=\"(max-width: 800px) 100vw, 800px\" \/><\/a><\/figure>\n\n\n\n<figure class=\"wp-block-image size-full\"><a href=\"https:\/\/www.taivaansusi.net\/maps\/pohjoiseurooppa.png\"><img loading=\"lazy\" decoding=\"async\" width=\"800\" height=\"583\" src=\"https:\/\/www.taivaansusi.net\/ego\/wp-content\/uploads\/2024\/01\/kartta-2.jpg\" alt=\"\" class=\"wp-image-581\" srcset=\"http:\/\/www.taivaansusi.net\/ego\/wp-content\/uploads\/2024\/01\/kartta-2.jpg 800w, http:\/\/www.taivaansusi.net\/ego\/wp-content\/uploads\/2024\/01\/kartta-2-300x219.jpg 300w, http:\/\/www.taivaansusi.net\/ego\/wp-content\/uploads\/2024\/01\/kartta-2-768x560.jpg 768w\" sizes=\"(max-width: 800px) 100vw, 800px\" \/><\/a><\/figure>\n<\/div>\n\n\n\n<div class=\"wp-block-column is-layout-flow wp-block-column-is-layout-flow\">\n<h3 class=\"wp-block-heading\">Fiktiota<\/h3>\n\n\n\n<figure class=\"wp-block-image size-full\"><a href=\"https:\/\/www.easyzoom.com\/imageaccess\/84126f87677d49e189d2324b569895fb\"><img loading=\"lazy\" decoding=\"async\" width=\"800\" height=\"583\" src=\"https:\/\/www.taivaansusi.net\/ego\/wp-content\/uploads\/2024\/01\/kartta-3.jpg\" alt=\"\" class=\"wp-image-582\" srcset=\"http:\/\/www.taivaansusi.net\/ego\/wp-content\/uploads\/2024\/01\/kartta-3.jpg 800w, http:\/\/www.taivaansusi.net\/ego\/wp-content\/uploads\/2024\/01\/kartta-3-300x219.jpg 300w, http:\/\/www.taivaansusi.net\/ego\/wp-content\/uploads\/2024\/01\/kartta-3-768x560.jpg 768w\" sizes=\"(max-width: 800px) 100vw, 800px\" \/><\/a><\/figure>\n\n\n\n<figure class=\"wp-block-image size-full\"><a href=\"https:\/\/www.taivaansusi.net\/maps\/GalacticMapsAmalgamated.jpg\"><img loading=\"lazy\" decoding=\"async\" width=\"800\" height=\"583\" src=\"https:\/\/www.taivaansusi.net\/ego\/wp-content\/uploads\/2024\/01\/kartta-3b-1.jpg\" alt=\"\" class=\"wp-image-590\" srcset=\"http:\/\/www.taivaansusi.net\/ego\/wp-content\/uploads\/2024\/01\/kartta-3b-1.jpg 800w, http:\/\/www.taivaansusi.net\/ego\/wp-content\/uploads\/2024\/01\/kartta-3b-1-300x219.jpg 300w, http:\/\/www.taivaansusi.net\/ego\/wp-content\/uploads\/2024\/01\/kartta-3b-1-768x560.jpg 768w\" sizes=\"(max-width: 800px) 100vw, 800px\" \/><\/a><\/figure>\n<\/div>\n<\/div>\n\n\n\n<figure class=\"wp-block-image size-large\"><a href=\"https:\/\/antiikki.taivaansusi.net\/map.html\"><img loading=\"lazy\" decoding=\"async\" width=\"1024\" height=\"765\" src=\"https:\/\/www.taivaansusi.net\/ego\/wp-content\/uploads\/2025\/07\/Roman-Empire-final-preview-1024x765.jpg\" alt=\"\" class=\"wp-image-1227\" srcset=\"http:\/\/www.taivaansusi.net\/ego\/wp-content\/uploads\/2025\/07\/Roman-Empire-final-preview-1024x765.jpg 1024w, http:\/\/www.taivaansusi.net\/ego\/wp-content\/uploads\/2025\/07\/Roman-Empire-final-preview-300x224.jpg 300w, http:\/\/www.taivaansusi.net\/ego\/wp-content\/uploads\/2025\/07\/Roman-Empire-final-preview-768x573.jpg 768w, http:\/\/www.taivaansusi.net\/ego\/wp-content\/uploads\/2025\/07\/Roman-Empire-final-preview-1536x1147.jpg 1536w, http:\/\/www.taivaansusi.net\/ego\/wp-content\/uploads\/2025\/07\/Roman-Empire-final-preview-2048x1529.jpg 2048w, http:\/\/www.taivaansusi.net\/ego\/wp-content\/uploads\/2025\/07\/Roman-Empire-final-preview-1140x851.jpg 1140w\" sizes=\"(max-width: 1024px) 100vw, 1024px\" \/><\/a><\/figure>\n\n\n\n<h3 class=\"wp-block-heading\">Muut projektit<\/h3>\n\n\n\n<p>Kirjoitan historiasta yleisesti ja <a href=\"http:\/\/antiikki.taivaansusi.net\" data-type=\"link\" data-id=\"antiikki.taivaansusi.net\">antiikin Rooman kulttuurista<\/a> erityisesti. Olen seurannut Ukrainan sotaa aktiivisesti vuodesta 2014 l\u00e4htien ja julkaissut yhteisty\u00f6ss\u00e4 alan asiantuntijoiden kanssa siit\u00e4 <a href=\"https:\/\/www.facebook.com\/photo.php?fbid=10229804280548480&amp;set=pb.1151037970.-2207520000&amp;type=3\">tilanneraportteja<\/a>. Spekulatiivisen historian alaan kuuluva esikoisteokseni <a href=\"http:\/\/www.valtakunta.eu\">Valtakunta<\/a> ilmestyi maaliskuussa 2024.   <\/p>\n\n\n\n<p>Vapaa-ajallani olen pelisuunnittelija, joka on viimeisten kolmen vuosikymmenen aikana kirjoittanut, kuvittanut ja toteuttanut toistakymment\u00e4 rooli-ja lautapeli\u00e4, mm. J.R.R. Tolkienin Keski-maahan pohjautuneen <em>Lind\u00ebfirionin<\/em>.<\/p>\n\n\n\n<p>Harrastan kuolleita kieli\u00e4, kroatialaisia viinej\u00e4 ja sis\u00e4ily\u00e4.<\/p>\n\n\n\n<h3 class=\"wp-block-heading\">Yhteystiedot<\/h3>\n\n\n\n<p>taivaansusi@gmail.com<\/p>\n\n\n\n<p><a href=\"https:\/\/x.com\/SampsaRydman\">X<\/a> (x.com\/SampsaRydman)<\/p>\n\n\n\n<p><a href=\"https:\/\/www.deviantart.com\/taivaansusi\">DeviantArt<\/a> (taivaansusi)<\/p>\n","protected":false},"excerpt":{"rendered":"<p>Sampsa Rydman&nbsp;(synt. 1978) on oppikirjakuvittaja, kartografi ja kirjailija. Historiallisten karttojen spesialistina tarjoan asiantuntemustani mm. Suomen museoille ja kirjankustantajille. Olen opiskellut visuaalisten alojen lis\u00e4ksi klassillista arkeologiaa, uskontotiedett\u00e4, folkloristiikkaa, meriarkeologiaa, poliittista historiaa ja antiikin Rooman kirjallisuutta. N\u00e4ytteit\u00e4 kartoistani alla. Maantiedett\u00e4 Historiaa Fiktiota Muut projektit Kirjoitan historiasta yleisesti ja antiikin Rooman kulttuurista erityisesti. Olen seurannut Ukrainan sotaa aktiivisesti vuodesta 2014 l\u00e4htien ja julkaissut yhteisty\u00f6ss\u00e4 alan asiantuntijoiden kanssa siit\u00e4 tilanneraportteja. Spekulatiivisen historian alaan kuuluva esikoisteokseni Valtakunta ilmestyi maaliskuussa 2024. Vapaa-ajallani olen pelisuunnittelija, joka on viimeisten kolmen vuosikymmenen aikana kirjoittanut, kuvittanut ja toteuttanut toistakymment\u00e4 rooli-ja lautapeli\u00e4, mm. J.R.R. Tolkienin Keski-maahan pohjautuneen Lind\u00ebfirionin. Harrastan kuolleita kieli\u00e4, kroatialaisia viinej\u00e4 ja sis\u00e4ily\u00e4. Yhteystiedot taivaansusi@gmail.com X (x.com\/SampsaRydman) DeviantArt (taivaansusi)<\/p>\n","protected":false},"author":1,"featured_media":0,"parent":0,"menu_order":0,"comment_status":"closed","ping_status":"closed","template":"","meta":{"footnotes":""},"_links":{"self":[{"href":"http:\/\/www.taivaansusi.net\/ego\/index.php?rest_route=\/wp\/v2\/pages\/564"}],"collection":[{"href":"http:\/\/www.taivaansusi.net\/ego\/index.php?rest_route=\/wp\/v2\/pages"}],"about":[{"href":"http:\/\/www.taivaansusi.net\/ego\/index.php?rest_route=\/wp\/v2\/types\/page"}],"author":[{"embeddable":true,"href":"http:\/\/www.taivaansusi.net\/ego\/index.php?rest_route=\/wp\/v2\/users\/1"}],"replies":[{"embeddable":true,"href":"http:\/\/www.taivaansusi.net\/ego\/index.php?rest_route=%2Fwp%2Fv2%2Fcomments&post=564"}],"version-history":[{"count":27,"href":"http:\/\/www.taivaansusi.net\/ego\/index.php?rest_route=\/wp\/v2\/pages\/564\/revisions"}],"predecessor-version":[{"id":1234,"href":"http:\/\/www.taivaansusi.net\/ego\/index.php?rest_route=\/wp\/v2\/pages\/564\/revisions\/1234"}],"wp:attachment":[{"href":"http:\/\/www.taivaansusi.net\/ego\/index.php?rest_route=%2Fwp%2Fv2%2Fmedia&parent=564"}],"curies":[{"name":"wp","href":"https:\/\/api.w.org\/{rel}","templated":true}]}}