{"id":533,"date":"2024-01-04T21:29:41","date_gmt":"2024-01-04T19:29:41","guid":{"rendered":"https:\/\/www.taivaansusi.net\/ego\/?page_id=533"},"modified":"2025-07-23T13:16:27","modified_gmt":"2025-07-23T11:16:27","slug":"maailman-vaestomuutos","status":"publish","type":"page","link":"http:\/\/www.taivaansusi.net\/ego\/?page_id=533","title":{"rendered":"Demografia"},"content":{"rendered":"\n<p>Maailman v\u00e4est\u00f6muutoksesta ja Euroopan v\u00e4est\u00f6nvaihtumisesta kertovat graafit ja kuvaesseet l\u00f6ytyv\u00e4t t\u00e4lt\u00e4 sivulta. Kuvaa klikkaamalla saa sen suuremmaksi.<\/p>\n\n\n\n<figure class=\"wp-block-image size-large\"><a href=\"https:\/\/www.taivaansusi.net\/vaestomuutos.jpg\"><img decoding=\"async\" src=\"https:\/\/www.taivaansusi.net\/vaestomuutos.jpg\" alt=\"\"\/><\/a><\/figure>\n\n\n\n<figure class=\"wp-block-image size-large\"><a href=\"https:\/\/www.taivaansusi.net\/finis_europae.jpg\"><img decoding=\"async\" src=\"https:\/\/www.taivaansusi.net\/finis_europae.jpg\" alt=\"\"\/><\/a><\/figure>\n\n\n\n<h3 class=\"wp-block-heading\">Kriittisi\u00e4 tutkimuksia maahanmuutosta ja diversiteetist\u00e4<\/h3>\n\n\n\n<ol>\n<li>Kontaktiteoria ei toimi: &nbsp;<a href=\"https:\/\/heartiste.org\/wp-content\/uploads\/2019\/07\/contact_hypothesis_reevaluated.pdf\" target=\"_blank\" rel=\"noreferrer noopener\">https:\/\/heartiste.org\/wp-content\/uploads\/2019\/07\/contact_hypothesis_reevaluated.pdf<\/a><\/li>\n\n\n\n<li>Etninen diversiteetti vaikuttaa negatiivisesti sosiaaliseen luottamukseen: &nbsp;<a href=\"https:\/\/www.researchgate.net\/publication\/335924797_Ethnic_Diversity_and_Social_Trust_A_Narrative_and_Meta-Analytical_Review\" target=\"_blank\" rel=\"noreferrer noopener\">https:\/\/www.researchgate.net\/publication\/335924797_Ethnic_Diversity_and_Social_Trust_A_Narrative_and_Meta-Analytical_Review<\/a><\/li>\n\n\n\n<li>Etnosentriset populaatiot menestyv\u00e4t muita paremmin: &nbsp;<a href=\"https:\/\/jasss.soc.surrey.ac.uk\/16\/3\/7.html\" target=\"_blank\" rel=\"noreferrer noopener\">https:\/\/jasss.soc.surrey.ac.uk\/16\/3\/7.html<\/a><\/li>\n\n\n\n<li>Sosiaalinen luottamus k\u00e4rsii etnisen diversiteetin takia: &nbsp;<a href=\"https:\/\/doi.org\/10.1111\/j.1467-9477.2012.00289.x\" target=\"_blank\" rel=\"noreferrer noopener\">https:\/\/doi.org\/10.1111\/j.1467-9477.2012.00289.x<\/a><\/li>\n\n\n\n<li>Etnisell\u00e4 homogeenisyydell\u00e4 on positiivinen vaikutus sosiaaliseen luottamukseen: &nbsp;<a href=\"https:\/\/academic.oup.com\/esr\/article-abstract\/21\/4\/311\/556895\" target=\"_blank\" rel=\"noreferrer noopener\">https:\/\/academic.oup.com\/esr\/article-abstract\/21\/4\/311\/556895<\/a><\/li>\n\n\n\n<li>Lis\u00e4\u00e4ntyv\u00e4 maahanmuutto v\u00e4hent\u00e4\u00e4 sosiaalista luottamusta:&nbsp;<a href=\"https:\/\/academic.oup.com\/sf\/article-abstract\/93\/3\/1211\/2332107\" target=\"_blank\" rel=\"noreferrer noopener\">https:\/\/academic.oup.com\/sf\/article-abstract\/93\/3\/1211\/2332107<\/a><\/li>\n\n\n\n<li>Maahanmuutto eurooppalaisiin kansallisvaltioihin sy\u00f6 avustuksia ihmisilt\u00e4, jotka oikeasti tarvitsisivat niit\u00e4: <a href=\"https:\/\/journals.sagepub.com\/doi\/abs\/10.1177\/0020715212451987\" target=\"_blank\" rel=\"noreferrer noopener\">https:\/\/journals.sagepub.com\/doi\/abs\/10.1177\/0020715212451987<\/a><\/li>\n\n\n\n<li>Etninen diversiteetti heikent\u00e4\u00e4 sosiaalista koheesiota: &nbsp;<a href=\"https:\/\/academic.oup.com\/esr\/article\/32\/1\/54\/2404332\" target=\"_blank\" rel=\"noreferrer noopener\">https:\/\/academic.oup.com\/esr\/article\/32\/1\/54\/2404332<\/a><\/li>\n\n\n\n<li>Vahvat rajat eri etnisten ryhmien v\u00e4lill\u00e4 takaavat sosiaalisen rauhan, ei yhdess\u00e4elo: &nbsp;<a href=\"https:\/\/journals.plos.org\/plosone\/article?id=10.1371\/journal.pone.0095660\" target=\"_blank\" rel=\"noreferrer noopener\">https:\/\/journals.plos.org\/plosone\/article?id=10.1371\/journal.pone.0095660<\/a><\/li>\n\n\n\n<li>Fyysiset ja poliittiset rajat etnisten ryhmien v\u00e4lill\u00e4 ehk\u00e4isev\u00e4t v\u00e4kivaltaa: &nbsp;<a href=\"https:\/\/link.springer.com\/chapter\/10.1007\/978-1-4939-1705-1_12\" target=\"_blank\" rel=\"noreferrer noopener\">https:\/\/link.springer.com\/chapter\/10.1007\/978-1-4939-1705-1_12<\/a><\/li>\n\n\n\n<li>Monikulttuurisuus est\u00e4\u00e4 ryhmien v\u00e4list\u00e4 yhteisty\u00f6t\u00e4: &nbsp;<a href=\"https:\/\/journals.sagepub.com\/doi\/abs\/10.1177\/0190272515612403\" target=\"_blank\" rel=\"noreferrer noopener\">https:\/\/journals.sagepub.com\/doi\/abs\/10.1177\/0190272515612403<\/a><\/li>\n\n\n\n<li>Etninen diversiteetti vaikuttaa negatiivisesti luottamukseen: &nbsp;<a href=\"https:\/\/onlinelibrary.wiley.com\/doi\/abs\/10.1111\/j.1465-7287.2010.00215.x\" target=\"_blank\" rel=\"noreferrer noopener\">https:\/\/onlinelibrary.wiley.com\/doi\/abs\/10.1111\/j.1465-7287.2010.00215.x<\/a><\/li>\n\n\n\n<li>Monikulttuurisuus johtaa siihen, ett\u00e4 kantav\u00e4est\u00f6 alkaa kannattaa nationalistisia puolueita: &nbsp;<a href=\"https:\/\/academic.oup.com\/sf\/article-abstract\/92\/1\/249\/2235758\" target=\"_blank\" rel=\"noreferrer noopener\">https:\/\/academic.oup.com\/sf\/article-abstract\/92\/1\/249\/2235758<\/a><\/li>\n\n\n\n<li>Etninen diversiteetti heikent\u00e4\u00e4 sosiaalista koheesiota: &nbsp;<a href=\"https:\/\/onlinelibrary.wiley.com\/doi\/abs\/10.1111\/juaf.12015\" target=\"_blank\" rel=\"noreferrer noopener\">https:\/\/onlinelibrary.wiley.com\/doi\/abs\/10.1111\/juaf.12015<\/a><\/li>\n\n\n\n<li>Kanssak\u00e4ymiset eri etnisyyksien kanssa eiv\u00e4t aina johda my\u00f6nteisiin n\u00e4kemyksiin toisista kulttuureista: &nbsp;<a href=\"https:\/\/www.sciencedirect.com\/science\/article\/abs\/pii\/S0049089X14001392\" target=\"_blank\" rel=\"noreferrer noopener\">https:\/\/www.sciencedirect.com\/science\/article\/abs\/pii\/S0049089X14001392<\/a><\/li>\n\n\n\n<li>Etninen diversiteetti v\u00e4hent\u00e4\u00e4 luottamusta naapureihin: &nbsp;<a href=\"https:\/\/www.sciencedirect.com\/science\/article\/abs\/pii\/S0049089X1400074X\" target=\"_blank\" rel=\"noreferrer noopener\">https:\/\/www.sciencedirect.com\/science\/article\/abs\/pii\/S0049089X1400074X<\/a><\/li>\n\n\n\n<li>Monikulttuurisuus lis\u00e4\u00e4 kollektiivisen v\u00e4kivallan todenn\u00e4k\u00f6isyytt\u00e4: &nbsp;<a href=\"https:\/\/www.jstor.org\/stable\/425106\" target=\"_blank\" rel=\"noreferrer noopener\">https:\/\/www.jstor.org\/stable\/425106<\/a><\/li>\n\n\n\n<li>Monikulttuurisuus johtaa etnisiin konflikteihin: &nbsp;<a href=\"http:\/\/www.scirp.org\/reference\/ReferencesPapers.aspx?ReferenceID=1251240\" target=\"_blank\" rel=\"noreferrer noopener\">http:\/\/www.scirp.org\/reference\/ReferencesPapers.aspx?ReferenceID=1251240<\/a><\/li>\n\n\n\n<li>Erilaisten etnisyyksien rinnakkainelo johtaa konflikteihin ja nepotismiin: \u00a0<a href=\"https:\/\/www.sciencedirect.com\/science\/article\/abs\/pii\/S0191886912005569\" target=\"_blank\" rel=\"noreferrer noopener\">https:\/\/www.sciencedirect.com\/science\/article\/abs\/pii\/S0191886912005569<\/a><\/li>\n\n\n\n<li>Etninen moninaisuus johtaa sosiaaliseen levottomuuteen, konflikteihin ja yhteiskunnan ep\u00e4vakauteen:&nbsp;<a href=\"https:\/\/www.nber.org\/papers\/w21079\" target=\"_blank\" rel=\"noreferrer noopener\">https:\/\/www.nber.org\/papers\/w21079<\/a><\/li>\n\n\n\n<li>Integraatio ja koheesio poissulkevat toisensa:&nbsp;<a href=\"https:\/\/msutoday.msu.edu\/news\/2013\/study-asks-is-a-better-world-possible\" target=\"_blank\" rel=\"noreferrer noopener\">https:\/\/msutoday.msu.edu\/news\/2013\/study-asks-is-a-better-world-possible<\/a><\/li>\n\n\n\n<li>Kun etnisen v\u00e4hemmist\u00f6ryhm\u00e4n koko kasvaa tarpeeksi isoksi, se alkaa et\u00e4\u00e4nnytt\u00e4\u00e4 itse\u00e4\u00e4n enemmist\u00f6ryhm\u00e4st\u00e4, jakaen yhteiskuntaa ja vaikeuttaen yhteisty\u00f6t\u00e4:&nbsp;<a href=\"https:\/\/heartiste.org\/wp-content\/uploads\/2019\/07\/WP201530.pdf\" target=\"_blank\" rel=\"noreferrer noopener\">https:\/\/heartiste.org\/wp-content\/uploads\/2019\/07\/WP201530.pdf<\/a><\/li>\n\n\n\n<li>Kantav\u00e4est\u00f6\u00e4 edustavat oppilaat l\u00e4htev\u00e4t koulusta, kun maahanmuuttajataustaisten osuus on 35% tai suurempi: &nbsp;<a href=\"https:\/\/heartiste.org\/wp-content\/uploads\/2019\/07\/School-Choice-Universal-Vouchers-and-Native-Flight-from-Local-Schools.pdf\" target=\"_blank\" rel=\"noreferrer noopener\">https:\/\/heartiste.org\/wp-content\/uploads\/2019\/07\/School-Choice-Universal-Vouchers-and-Native-Flight-from-Local-Schools.pdf<\/a><\/li>\n\n\n\n<li>Integraatio ei poista etnisten ryhmien v\u00e4lisi\u00e4 eroavaisuuksia mm. akateemisessa menestymisess\u00e4: &nbsp;<a href=\"https:\/\/www.usnews.com\/opinion\/knowledge-bank\/articles\/2016-01-08\/the-academic-benefit-of-reducing-school-segregation-may-be-overblown\" target=\"_blank\" rel=\"noreferrer noopener\">https:\/\/www.usnews.com\/opinion\/knowledge-bank\/articles\/2016-01-08\/the-academic-benefit-of-reducing-school-segregation-may-be-overblown<\/a><\/li>\n\n\n\n<li>Rodullisesta moninaisuus johtaa eksklusiivisiin pariutumistapoihin: &nbsp;<a href=\"https:\/\/academic.oup.com\/sf\/article-abstract\/89\/3\/807\/2235576\" target=\"_blank\" rel=\"noreferrer noopener\">https:\/\/academic.oup.com\/sf\/article-abstract\/89\/3\/807\/2235576<\/a><\/li>\n\n\n\n<li>Politiikka on sit\u00e4 tribalistisempaa mit\u00e4 enemm\u00e4n on monikulttuurisuutta: &nbsp;<a href=\"https:\/\/www.nytimes.com\/2016\/01\/06\/business\/economy\/racial-identity-and-its-hostilities-return-to-american-politics.html\" target=\"_blank\" rel=\"noreferrer noopener\">https:\/\/www.nytimes.com\/2016\/01\/06\/business\/economy\/racial-identity-and-its-hostilities-return-to-american-politics.html<\/a><\/li>\n\n\n\n<li>Mit\u00e4 moninaisempi ymp\u00e4rist\u00f6, sit\u00e4 todenn\u00e4k\u00f6isemmin ihmiset valitsevat yst\u00e4v\u00e4ns\u00e4 siten, ett\u00e4 he ovat samaa etnisyytt\u00e4 &nbsp;<a href=\"https:\/\/onlinelibrary.wiley.com\/doi\/abs\/10.1111\/jora.12248\" target=\"_blank\" rel=\"noreferrer noopener\">https:\/\/onlinelibrary.wiley.com\/doi\/abs\/10.1111\/jora.12248<\/a><\/li>\n\n\n\n<li>Monikulttuurisuus tekee ihmisist\u00e4 onnettomia ja sosiaalisesti erist\u00e4ytyneit\u00e4: &nbsp;<a href=\"https:\/\/www.academia.edu\/3479330\" target=\"_blank\" rel=\"noreferrer noopener\">https:\/\/www.academia.edu\/3479330<\/a><\/li>\n\n\n\n<li>Toisin kuin monikulttuurisuuden kannattajat usein v\u00e4itt\u00e4v\u00e4t, etninen diversiteetti vaikuttaa negatiivisesti innovaatioon: &nbsp;<a href=\"https:\/\/www.tandfonline.com\/doi\/abs\/10.1080\/13504851.2015.1130785\" target=\"_blank\" rel=\"noreferrer noopener\">https:\/\/www.tandfonline.com\/doi\/abs\/10.1080\/13504851.2015.1130785<\/a><\/li>\n\n\n\n<li>Etniset ryhm\u00e4t eiv\u00e4t poliittisesti assimiloidu ajan kanssa: &nbsp;<a href=\"https:\/\/www.sciencedirect.com\/science\/article\/abs\/pii\/S0962629804000642\" target=\"_blank\" rel=\"noreferrer noopener\">https:\/\/www.sciencedirect.com\/science\/article\/abs\/pii\/S0962629804000642<\/a><\/li>\n\n\n\n<li>Etninen diversiteetti v\u00e4hent\u00e4\u00e4 ihmisten onnellisuutta: &nbsp;<a href=\"https:\/\/www.sciencedirect.com\/science\/article\/abs\/pii\/S0092656615000549\" target=\"_blank\" rel=\"noreferrer noopener\">https:\/\/www.sciencedirect.com\/science\/article\/abs\/pii\/S0092656615000549<\/a><\/li>\n\n\n\n<li>Monikulttuurisuus johtaa kansantalouden taantumiseen: &nbsp;<a href=\"https:\/\/heartiste.org\/wp-content\/uploads\/2019\/07\/CultureDiversity.pdf\" target=\"_blank\" rel=\"noreferrer noopener\">https:\/\/heartiste.org\/wp-content\/uploads\/2019\/07\/CultureDiversity.pdf<\/a><\/li>\n\n\n\n<li>Monokulttuurisissa kaupungeissa on enemm\u00e4n sosiaalista p\u00e4\u00e4omaa kuin monikulttuurisissa :&nbsp;<a href=\"https:\/\/www.city-data.com\/blog\/418-striking-balance-quality-life-social-capital\/\" target=\"_blank\" rel=\"noreferrer noopener\">https:\/\/www.city-data.com\/blog\/418-striking-balance-quality-life-social-capital\/<\/a><\/li>\n<\/ol>\n","protected":false},"excerpt":{"rendered":"<p>Maailman v\u00e4est\u00f6muutoksesta ja Euroopan v\u00e4est\u00f6nvaihtumisesta kertovat graafit ja kuvaesseet l\u00f6ytyv\u00e4t t\u00e4lt\u00e4 sivulta. Kuvaa klikkaamalla saa sen suuremmaksi. Kriittisi\u00e4 tutkimuksia maahanmuutosta ja diversiteetist\u00e4<\/p>\n","protected":false},"author":1,"featured_media":0,"parent":0,"menu_order":0,"comment_status":"closed","ping_status":"closed","template":"","meta":{"footnotes":""},"_links":{"self":[{"href":"http:\/\/www.taivaansusi.net\/ego\/index.php?rest_route=\/wp\/v2\/pages\/533"}],"collection":[{"href":"http:\/\/www.taivaansusi.net\/ego\/index.php?rest_route=\/wp\/v2\/pages"}],"about":[{"href":"http:\/\/www.taivaansusi.net\/ego\/index.php?rest_route=\/wp\/v2\/types\/page"}],"author":[{"embeddable":true,"href":"http:\/\/www.taivaansusi.net\/ego\/index.php?rest_route=\/wp\/v2\/users\/1"}],"replies":[{"embeddable":true,"href":"http:\/\/www.taivaansusi.net\/ego\/index.php?rest_route=%2Fwp%2Fv2%2Fcomments&post=533"}],"version-history":[{"count":7,"href":"http:\/\/www.taivaansusi.net\/ego\/index.php?rest_route=\/wp\/v2\/pages\/533\/revisions"}],"predecessor-version":[{"id":1220,"href":"http:\/\/www.taivaansusi.net\/ego\/index.php?rest_route=\/wp\/v2\/pages\/533\/revisions\/1220"}],"wp:attachment":[{"href":"http:\/\/www.taivaansusi.net\/ego\/index.php?rest_route=%2Fwp%2Fv2%2Fmedia&parent=533"}],"curies":[{"name":"wp","href":"https:\/\/api.w.org\/{rel}","templated":true}]}}